{"id":578,"date":"2010-04-18T19:33:50","date_gmt":"2010-04-18T19:33:50","guid":{"rendered":"http:\/\/diablo\/wordpress\/?page_id=2"},"modified":"2010-04-18T19:33:50","modified_gmt":"2010-04-18T19:33:50","slug":"about","status":"publish","type":"page","link":"https:\/\/diablo.craem.net\/?page_id=578","title":{"rendered":"Sobre m\u00ed"},"content":{"rendered":"\n<p>Pues eso, este es el lugar donde escribo mis apuntes, frikadas&#8230; en resumen, mi blog. Actualmente trabajo en una empresa de Barcelona, como t\u00e9cnico de sistemas y comunicaciones, desarrollando en entornos cisco: routing, switching, security, vpns y centralitas de vozIP basadas en software libre, as\u00ed\u00ad como, servidores en Linux \/ Windows.<\/p>\n\n\n<p>Por ahora, el blog s\u00f3lo tiene un editor, pero en unos d\u00ed\u00adas, si todo va bien, escribir\u00e1 articulos otra persona, con lo que el abanico de posts ser\u00e1 m\u00e1s grande.<\/p>\n\n\n<p>Para contactar conmigo:<\/p>\n\n\n<p>\u00ed\u0081ngel Elena<br \/>twitter: @craemone<br \/>email: craem@craem.net<\/p>\n","protected":false},"excerpt":{"rendered":"<p>Pues eso, este es el lugar donde escribo mis apuntes, frikadas&#8230; en resumen, mi blog. Actualmente trabajo en una empresa de Barcelona, como t\u00e9cnico de sistemas y comunicaciones, desarrollando en entornos cisco: routing, switching, security, vpns y centralitas de vozIP basadas en software libre, as\u00ed\u00ad como, servidores en Linux \/ Windows. Por ahora, el blog [&hellip;]<\/p>\n","protected":false},"author":1,"featured_media":0,"parent":0,"menu_order":0,"comment_status":"open","ping_status":"open","template":"","meta":{"footnotes":""},"class_list":["post-578","page","type-page","status-publish","hentry"],"_links":{"self":[{"href":"https:\/\/diablo.craem.net\/index.php?rest_route=\/wp\/v2\/pages\/578","targetHints":{"allow":["GET"]}}],"collection":[{"href":"https:\/\/diablo.craem.net\/index.php?rest_route=\/wp\/v2\/pages"}],"about":[{"href":"https:\/\/diablo.craem.net\/index.php?rest_route=\/wp\/v2\/types\/page"}],"author":[{"embeddable":true,"href":"https:\/\/diablo.craem.net\/index.php?rest_route=\/wp\/v2\/users\/1"}],"replies":[{"embeddable":true,"href":"https:\/\/diablo.craem.net\/index.php?rest_route=%2Fwp%2Fv2%2Fcomments&post=578"}],"version-history":[{"count":0,"href":"https:\/\/diablo.craem.net\/index.php?rest_route=\/wp\/v2\/pages\/578\/revisions"}],"wp:attachment":[{"href":"https:\/\/diablo.craem.net\/index.php?rest_route=%2Fwp%2Fv2%2Fmedia&parent=578"}],"curies":[{"name":"wp","href":"https:\/\/api.w.org\/{rel}","templated":true}]}}